{"id":224,"date":"2026-04-28T16:00:42","date_gmt":"2026-04-28T14:00:42","guid":{"rendered":"https:\/\/neu.safetyrisksolutions.ch\/?page_id=224"},"modified":"2026-04-28T16:00:42","modified_gmt":"2026-04-28T14:00:42","slug":"kontakt","status":"publish","type":"page","link":"https:\/\/safetyrisksolutions.ch\/kontakt\/","title":{"rendered":"Kontakt"},"content":{"rendered":"\n<p class=\"has-custom-teal-color has-text-color has-link-color has-small-font-size wp-elements-8d2106f938d6bcb1be047a1b6943b51e\" style=\"letter-spacing:2px;text-transform:uppercase\">Kontakt<\/p>\n\n\n\n<h3 class=\"wp-block-heading\">Lassen Sie uns reden.<\/h3>\n\n\n\n<p>Beratung beginnt mit einem Gespr\u00e4ch. Schreiben Sie kurz, worum es geht \u2014 ich melde mich innerhalb von 1\u20132 Werktagen mit einer ersten Antwort oder einem Vorschlag f\u00fcr ein n\u00e4chstes Gespr\u00e4ch.<\/p>\n\n\n<div class=\"wpforms-container wpforms-container-full wpforms-block wpforms-block-93981bd5-470b-45ed-a7f5-1991559f534c wpforms-render-modern\" id=\"wpforms-220\"><form id=\"wpforms-form-220\" class=\"wpforms-validate wpforms-form wpforms-ajax-form\" data-formid=\"220\" method=\"post\" enctype=\"multipart\/form-data\" action=\"\/?rest_route=%2Fwp%2Fv2%2Fpages%2F224\" data-token=\"e58fb5a2b9520408fe7ecb30ef0c8d71\" data-token-time=\"1777897856\"><noscript class=\"wpforms-error-noscript\">Bitte aktivieren Sie JavaScript in Ihrem Browser, um dieses Formular fertigzustellen.<\/noscript><div id=\"wpforms-error-noscript\" style=\"display: none;\">Bitte aktivieren Sie JavaScript in Ihrem Browser, um dieses Formular fertigzustellen.<\/div><div class=\"wpforms-field-container\"><div id=\"wpforms-220-field_1-container\" class=\"wpforms-field wpforms-field-name\" data-field-id=\"1\"><fieldset><legend class=\"wpforms-field-label\">Name <span class=\"wpforms-required-label\" aria-hidden=\"true\">*<\/span><\/legend><div class=\"wpforms-field-row wpforms-field-medium\"><div class=\"wpforms-field-row-block wpforms-first wpforms-one-half\"><input type=\"text\" id=\"wpforms-220-field_1\" class=\"wpforms-field-name-first wpforms-field-required\" name=\"wpforms[fields][1][first]\" aria-errormessage=\"wpforms-220-field_1-error\" required><label for=\"wpforms-220-field_1\" class=\"wpforms-field-sublabel after\">Vorname<\/label><\/div><div class=\"wpforms-field-row-block wpforms-one-half\"><input type=\"text\" id=\"wpforms-220-field_1-last\" class=\"wpforms-field-name-last wpforms-field-required\" name=\"wpforms[fields][1][last]\" aria-errormessage=\"wpforms-220-field_1-last-error\" required><label for=\"wpforms-220-field_1-last\" class=\"wpforms-field-sublabel after\">Nachname<\/label><\/div><\/div><\/fieldset><\/div><div id=\"wpforms-220-field_2-container\" class=\"wpforms-field wpforms-field-email\" data-field-id=\"2\"><label class=\"wpforms-field-label\" for=\"wpforms-220-field_2\">E-Mail <span class=\"wpforms-required-label\" aria-hidden=\"true\">*<\/span><\/label><input type=\"email\" id=\"wpforms-220-field_2\" class=\"wpforms-field-medium wpforms-field-required\" name=\"wpforms[fields][2]\" spellcheck=\"false\" aria-errormessage=\"wpforms-220-field_2-error\" required><\/div>\t\t<div id=\"wpforms-220-field_5-container\"\n\t\t\tclass=\"wpforms-field wpforms-field-text\"\n\t\t\tdata-field-type=\"text\"\n\t\t\tdata-field-id=\"5\"\n\t\t\t>\n\t\t\t<label class=\"wpforms-field-label\" for=\"wpforms-220-field_5\" >Name E-Mail Datenschutz<\/label>\n\t\t\t<input type=\"text\" id=\"wpforms-220-field_5\" class=\"wpforms-field-medium\" name=\"wpforms[fields][5]\" >\n\t\t<\/div>\n\t\t<div id=\"wpforms-220-field_3-container\" class=\"wpforms-field wpforms-field-textarea\" data-field-id=\"3\"><label class=\"wpforms-field-label\" for=\"wpforms-220-field_3\">Nachricht<\/label><textarea id=\"wpforms-220-field_3\" class=\"wpforms-field-medium\" name=\"wpforms[fields][3]\" aria-errormessage=\"wpforms-220-field_3-error\" ><\/textarea><\/div><div id=\"wpforms-220-field_4-container\" class=\"wpforms-field wpforms-field-checkbox\" data-field-id=\"4\"><fieldset><legend class=\"wpforms-field-label\">Datenschutz <span class=\"wpforms-required-label\" aria-hidden=\"true\">*<\/span><\/legend><ul id=\"wpforms-220-field_4\" class=\"wpforms-field-required\"><li class=\"choice-1 depth-1\"><input type=\"checkbox\" id=\"wpforms-220-field_4_1\" name=\"wpforms[fields][4][]\" value=\"Ich habe die &lt;a href=&quot;\/datenschutz&quot; target=&quot;_blank&quot; rel=&quot;noopener&quot;&gt;Datenschutzerkl\u00e4rung&lt;\/a&gt; zur Kenntnis genommen.\" aria-errormessage=\"wpforms-220-field_4_1-error\" required ><label class=\"wpforms-field-label-inline\" for=\"wpforms-220-field_4_1\">Ich habe die <a href=\"\/datenschutz\" target=\"_blank\" rel=\"noopener\">Datenschutzerkl\u00e4rung<\/a> zur Kenntnis genommen.<\/label><\/li><\/ul><\/fieldset><\/div><script>\n\t\t\t\t( function() {\n\t\t\t\t\tconst style = document.createElement( 'style' );\n\t\t\t\t\tstyle.appendChild( document.createTextNode( '#wpforms-220-field_5-container { position: absolute !important; overflow: hidden !important; display: inline !important; height: 1px !important; width: 1px !important; z-index: -1000 !important; padding: 0 !important; } #wpforms-220-field_5-container input { visibility: hidden; } #wpforms-conversational-form-page #wpforms-220-field_5-container label { counter-increment: none; }' ) );\n\t\t\t\t\tdocument.head.appendChild( style );\n\t\t\t\t\tdocument.currentScript?.remove();\n\t\t\t\t} )();\n\t\t\t<\/script><\/div><!-- .wpforms-field-container --><div class=\"wpforms-submit-container\" ><input type=\"hidden\" name=\"wpforms[id]\" value=\"220\"><input type=\"hidden\" name=\"page_title\" value=\"\"><input type=\"hidden\" name=\"page_url\" value=\"https:\/\/safetyrisksolutions.ch\/?rest_route=\/wp\/v2\/pages\/224\"><input type=\"hidden\" name=\"url_referer\" value=\"\"><button type=\"submit\" name=\"wpforms[submit]\" id=\"wpforms-submit-220\" class=\"wpforms-submit\" data-alt-text=\"Senden\u2026\" data-submit-text=\"Absenden\" aria-live=\"assertive\" value=\"wpforms-submit\">Absenden<\/button><img loading=\"lazy\" decoding=\"async\" src=\"https:\/\/safetyrisksolutions.ch\/wp-content\/plugins\/wpforms-lite\/assets\/images\/submit-spin.svg\" class=\"wpforms-submit-spinner\" style=\"display: none;\" width=\"26\" height=\"26\" alt=\"Wird geladen\"><\/div><\/form><\/div>  <!-- .wpforms-container -->","protected":false},"excerpt":{"rendered":"<p>Kontakt Lassen Sie uns reden. Beratung beginnt mit einem Gespr\u00e4ch. Schreiben Sie kurz, worum es geht \u2014 ich melde mich innerhalb von 1\u20132 Werktagen mit einer ersten Antwort oder einem Vorschlag f\u00fcr ein n\u00e4chstes Gespr\u00e4ch.<\/p>\n","protected":false},"author":1,"featured_media":0,"parent":0,"menu_order":0,"comment_status":"closed","ping_status":"closed","template":"home-ohne-titel","meta":{"footnotes":""},"class_list":["post-224","page","type-page","status-publish","hentry"],"_links":{"self":[{"href":"https:\/\/safetyrisksolutions.ch\/?rest_route=\/wp\/v2\/pages\/224","targetHints":{"allow":["GET"]}}],"collection":[{"href":"https:\/\/safetyrisksolutions.ch\/?rest_route=\/wp\/v2\/pages"}],"about":[{"href":"https:\/\/safetyrisksolutions.ch\/?rest_route=\/wp\/v2\/types\/page"}],"author":[{"embeddable":true,"href":"https:\/\/safetyrisksolutions.ch\/?rest_route=\/wp\/v2\/users\/1"}],"replies":[{"embeddable":true,"href":"https:\/\/safetyrisksolutions.ch\/?rest_route=%2Fwp%2Fv2%2Fcomments&post=224"}],"version-history":[{"count":7,"href":"https:\/\/safetyrisksolutions.ch\/?rest_route=\/wp\/v2\/pages\/224\/revisions"}],"predecessor-version":[{"id":232,"href":"https:\/\/safetyrisksolutions.ch\/?rest_route=\/wp\/v2\/pages\/224\/revisions\/232"}],"wp:attachment":[{"href":"https:\/\/safetyrisksolutions.ch\/?rest_route=%2Fwp%2Fv2%2Fmedia&parent=224"}],"curies":[{"name":"wp","href":"https:\/\/api.w.org\/{rel}","templated":true}]}}