{"id":235,"date":"2026-04-28T17:10:47","date_gmt":"2026-04-28T15:10:47","guid":{"rendered":"https:\/\/neu.safetyrisksolutions.ch\/?page_id=235"},"modified":"2026-04-29T16:52:12","modified_gmt":"2026-04-29T14:52:12","slug":"impressum","status":"publish","type":"page","link":"https:\/\/safetyrisksolutions.ch\/impressum\/","title":{"rendered":"Impressum"},"content":{"rendered":"\n<p class=\"has-custom-teal-color has-text-color has-link-color has-small-font-size wp-elements-81f3be72ffaca0b4f2f61cd66f61fe9e\" style=\"letter-spacing:2px;text-transform:uppercase\">Impressum<\/p>\n\n\n\n<p><strong>safety &amp; risk solutions GmbH<\/strong><br>Sch\u00fcracherstrasse 45<br>8306 Br\u00fcttisellen<br>Schweiz<\/p>\n\n\n\n<p><strong>Vertretungsberechtigte Person<\/strong>: Fabian Landherr, Gesch\u00e4ftsf\u00fchrer<\/p>\n\n\n\n<p><strong>Kontakt<\/strong>: <br>E-Mail: fabian.landherr@safetyrisksolutions.ch<br>Web: www.safetyrisksolutions.ch<\/p>\n\n\n\n<p><strong>Handelsregister-Nummer<\/strong>: CH-020.4.067.766-8<br>Eingetragen im Handelsregister des Kantons Z\u00fcrich<\/p>\n\n\n\n<p><strong>UID-Nummer\/MwSt<\/strong>: CHE-248.831.495<\/p>\n\n\n\n<p><strong>Verantwortlich f\u00fcr den Inhalt<\/strong>: Fabian Landherr (Anschrift wie oben)<\/p>\n\n\n\n<p class=\"has-custom-teal-color has-text-color has-link-color has-small-font-size wp-elements-0bbf21bb8e7f18938f0d4e9359b7c7db\" style=\"padding-top:var(--wp--preset--spacing--50);letter-spacing:2px;text-transform:uppercase\">Haftungsausschluss<\/p>\n\n\n\n<p>Der Autor \u00fcbernimmt keine Gew\u00e4hr f\u00fcr die Richtigkeit, Genauigkeit, Aktualit\u00e4t, Zuverl\u00e4ssigkeit und Vollst\u00e4ndigkeit der Informationen auf dieser Website. Haftungsanspr\u00fcche gegen den Autor wegen Sch\u00e4den materieller oder immaterieller Art, welche aus dem Zugriff oder der Nutzung bzw. Nichtnutzung der ver\u00f6ffentlichten Informationen, durch Missbrauch der Verbindung oder durch technische St\u00f6rungen entstanden sind, werden ausgeschlossen.<\/p>\n\n\n\n<p class=\"has-custom-teal-color has-text-color has-link-color has-small-font-size wp-elements-72db0bc87396e900293d57e3f15b711a\" style=\"padding-top:var(--wp--preset--spacing--50);letter-spacing:2px;text-transform:uppercase\">Urheberrechte<\/p>\n\n\n\n<p>Die Urheber- und alle anderen Rechte an Inhalten, Bildern, Texten oder Dateien auf dieser Website geh\u00f6ren ausschliesslich der safety &amp; risk solutions GmbH oder den speziell genannten Rechteinhabern. F\u00fcr die Reproduktion jeglicher Elemente ist die schriftliche Zustimmung des Urheberrechtstr\u00e4gers im Voraus einzuholen.<\/p>\n","protected":false},"excerpt":{"rendered":"<p>Impressum safety &amp; risk solutions GmbHSch\u00fcracherstrasse 458306 Br\u00fcttisellenSchweiz Vertretungsberechtigte Person: Fabian Landherr, Gesch\u00e4ftsf\u00fchrer Kontakt: E-Mail: fabian.landherr@safetyrisksolutions.chWeb: www.safetyrisksolutions.ch Handelsregister-Nummer: CH-020.4.067.766-8Eingetragen im Handelsregister des Kantons Z\u00fcrich UID-Nummer\/MwSt: CHE-248.831.495 Verantwortlich f\u00fcr den Inhalt: Fabian Landherr (Anschrift wie oben) Haftungsausschluss Der Autor \u00fcbernimmt keine Gew\u00e4hr f\u00fcr die Richtigkeit, Genauigkeit, Aktualit\u00e4t, Zuverl\u00e4ssigkeit und Vollst\u00e4ndigkeit der Informationen auf dieser Website. Haftungsanspr\u00fcche [&hellip;]<\/p>\n","protected":false},"author":1,"featured_media":0,"parent":0,"menu_order":0,"comment_status":"closed","ping_status":"closed","template":"home-ohne-titel","meta":{"footnotes":""},"class_list":["post-235","page","type-page","status-publish","hentry"],"_links":{"self":[{"href":"https:\/\/safetyrisksolutions.ch\/?rest_route=\/wp\/v2\/pages\/235","targetHints":{"allow":["GET"]}}],"collection":[{"href":"https:\/\/safetyrisksolutions.ch\/?rest_route=\/wp\/v2\/pages"}],"about":[{"href":"https:\/\/safetyrisksolutions.ch\/?rest_route=\/wp\/v2\/types\/page"}],"author":[{"embeddable":true,"href":"https:\/\/safetyrisksolutions.ch\/?rest_route=\/wp\/v2\/users\/1"}],"replies":[{"embeddable":true,"href":"https:\/\/safetyrisksolutions.ch\/?rest_route=%2Fwp%2Fv2%2Fcomments&post=235"}],"version-history":[{"count":7,"href":"https:\/\/safetyrisksolutions.ch\/?rest_route=\/wp\/v2\/pages\/235\/revisions"}],"predecessor-version":[{"id":244,"href":"https:\/\/safetyrisksolutions.ch\/?rest_route=\/wp\/v2\/pages\/235\/revisions\/244"}],"wp:attachment":[{"href":"https:\/\/safetyrisksolutions.ch\/?rest_route=%2Fwp%2Fv2%2Fmedia&parent=235"}],"curies":[{"name":"wp","href":"https:\/\/api.w.org\/{rel}","templated":true}]}}